{"id":95,"date":"2023-01-17T18:14:38","date_gmt":"2023-01-17T18:14:38","guid":{"rendered":"https:\/\/proyeccionesplasticas.com.co\/web\/?page_id=95"},"modified":"2025-06-24T15:41:46","modified_gmt":"2025-06-24T15:41:46","slug":"quienes-somos","status":"publish","type":"page","link":"https:\/\/proyeccionesplasticas.com.co\/web\/quienes-somos\/","title":{"rendered":"Quienes somos"},"content":{"rendered":"\t\t<div data-elementor-type=\"wp-page\" data-elementor-id=\"95\" class=\"elementor elementor-95\">\n\t\t\t\t\t\t\t<div class=\"elementor-element elementor-element-d18c84d e-flex e-con-boxed e-con e-parent\" data-id=\"d18c84d\" data-element_type=\"container\" data-settings=\"{&quot;content_width&quot;:&quot;boxed&quot;}\" data-core-v316-plus=\"true\">\n\t\t\t\t\t<div class=\"e-con-inner\">\n\t\t\t\t<div class=\"elementor-element elementor-element-23fc99de elementor-widget elementor-widget-text-editor\" data-id=\"23fc99de\" data-element_type=\"widget\" data-widget_type=\"text-editor.default\">\n\t\t\t\t<div class=\"elementor-widget-container\">\n\t\t\t<style>\/*! elementor - v3.16.0 - 12-09-2023 *\/\n.elementor-widget-text-editor.elementor-drop-cap-view-stacked .elementor-drop-cap{background-color:#69727d;color:#fff}.elementor-widget-text-editor.elementor-drop-cap-view-framed .elementor-drop-cap{color:#69727d;border:3px solid;background-color:transparent}.elementor-widget-text-editor:not(.elementor-drop-cap-view-default) .elementor-drop-cap{margin-top:8px}.elementor-widget-text-editor:not(.elementor-drop-cap-view-default) .elementor-drop-cap-letter{width:1em;height:1em}.elementor-widget-text-editor .elementor-drop-cap{float:left;text-align:center;line-height:1;font-size:50px}.elementor-widget-text-editor .elementor-drop-cap-letter{display:inline-block}<\/style>\t\t\t\t<h2>Historia<\/h2><p>Nuestra empresa fue fundada en la ciudad de Medell\u00edn, en el a\u00f1o 1999, dedicada inicialmente con el objetivo de brindar diversi\u00f3n a grandes y chicos mediante la fabricaci\u00f3n de juguetes.<\/p><p>Ya en el a\u00f1o 2001 incursiona en la l\u00ednea educativa y did\u00e1ctica y posteriormente en la l\u00ednea hogar en el a\u00f1o 2002, igualmente incursiona con gran fuerza en l\u00edneas de negocio como son la l\u00ednea publicitaria, promocional e industrial. Para esto la compa\u00f1\u00eda posee un gran talento humano que utiliza completa planta de inyecci\u00f3n y soplado logrando obtener productos de gran calidad a tiempo.<\/p><h2>Misi\u00f3n<\/h2><p>Somos una empresa dedicada a la transformacion de resinas pl\u00e1sticas en las l\u00edneas de jugueteria,hogar,promocional,industrial entre otras. generando experiencias creativas de aprendizaje,innovacion,confort y practicidad en nuestros productos; logrando satisfacer las necesidades de los diferentes mercados.<\/p><p>Priorizando la cultura del buen servicio,la \u00e9tica empresarial,el respeto a las condiciones pactadas,brindando altos estandares de calidad en nuestros productos de manera responsable con el medio ambiente,contribuyendo al bienestar social de los colaboradores y comunidades.<\/p><h2>Visi\u00f3n<\/h2><p>Para el 2028 Proyecciones Pl\u00e1sticas S.A.S ser\u00e1 en el sector de transformaci\u00f3n de resinas pl\u00e1sticas por inyecci\u00f3n y soplado una de las 20 principales empresas a nivel nacional en ventas,teniendo presencia internacionalmente en centro y sur america con un minimo del 15% de participacion de las ventas totales anuales.\u00a0<\/p><p>Reconocidos por nuestra innovacion constante,calidad excepcional y compromiso con la satisfacci\u00f3n de nuestros clientes apoyandonos en las nuevas tecnologias para desarrollar productos anivel ambiental y social.\u00a0<\/p><h2>Prop\u00f3sito central<\/h2><p>Brindamos sonrisas a las personas,comodidad a los hogares y practicidad a las comunidades.<\/p>\t\t\t\t\t\t<\/div>\n\t\t\t\t<\/div>\n\t\t\t\t\t<\/div>\n\t\t\t\t<\/div>\n\t\t\t\t\t\t\t<\/div>\n\t\t","protected":false},"excerpt":{"rendered":"<p>Historia Nuestra empresa fue fundada en la ciudad de Medell\u00edn, en el a\u00f1o 1999, dedicada inicialmente con el objetivo de brindar diversi\u00f3n a grandes y chicos mediante la fabricaci\u00f3n de juguetes. Ya en el a\u00f1o 2001 incursiona en la l\u00ednea educativa y did\u00e1ctica y posteriormente en la l\u00ednea hogar en el a\u00f1o 2002, igualmente incursiona [&hellip;]<\/p>\n","protected":false},"author":1,"featured_media":0,"parent":0,"menu_order":0,"comment_status":"closed","ping_status":"closed","template":"page-galeria.php","meta":{"footnotes":""},"class_list":["post-95","page","type-page","status-publish","hentry"],"yoast_head":"<!-- This site is optimized with the Yoast SEO plugin v21.5 - https:\/\/yoast.com\/wordpress\/plugins\/seo\/ -->\n<title>Quienes somos - Proyecciones Pl&aacute;sticas S.A.S: Innovaci&oacute;n en Juguetes y Productos Educativos desde 1999<\/title>\n<meta name=\"robots\" content=\"index, follow, max-snippet:-1, max-image-preview:large, max-video-preview:-1\" \/>\n<link rel=\"canonical\" href=\"https:\/\/proyeccionesplasticas.com.co\/web\/quienes-somos\/\" \/>\n<meta property=\"og:locale\" content=\"es_ES\" \/>\n<meta property=\"og:type\" content=\"article\" \/>\n<meta property=\"og:title\" content=\"Quienes somos - Proyecciones Pl&aacute;sticas S.A.S: Innovaci&oacute;n en Juguetes y Productos Educativos desde 1999\" \/>\n<meta property=\"og:description\" content=\"Historia Nuestra empresa fue fundada en la ciudad de Medell\u00edn, en el a\u00f1o 1999, dedicada inicialmente con el objetivo de brindar diversi\u00f3n a grandes y chicos mediante la fabricaci\u00f3n de juguetes. Ya en el a\u00f1o 2001 incursiona en la l\u00ednea educativa y did\u00e1ctica y posteriormente en la l\u00ednea hogar en el a\u00f1o 2002, igualmente incursiona [&hellip;]\" \/>\n<meta property=\"og:url\" content=\"https:\/\/proyeccionesplasticas.com.co\/web\/quienes-somos\/\" \/>\n<meta property=\"og:site_name\" content=\"Proyecciones Pl&aacute;sticas S.A.S: Innovaci&oacute;n en Juguetes y Productos Educativos desde 1999\" \/>\n<meta property=\"article:modified_time\" content=\"2025-06-24T15:41:46+00:00\" \/>\n<meta name=\"twitter:card\" content=\"summary_large_image\" \/>\n<meta name=\"twitter:label1\" content=\"Tiempo de lectura\" \/>\n\t<meta name=\"twitter:data1\" content=\"2 minutos\" \/>\n<script type=\"application\/ld+json\" class=\"yoast-schema-graph\">{\"@context\":\"https:\/\/schema.org\",\"@graph\":[{\"@type\":\"WebPage\",\"@id\":\"https:\/\/proyeccionesplasticas.com.co\/web\/quienes-somos\/\",\"url\":\"https:\/\/proyeccionesplasticas.com.co\/web\/quienes-somos\/\",\"name\":\"Quienes somos - Proyecciones Pl&aacute;sticas S.A.S: Innovaci&oacute;n en Juguetes y Productos Educativos desde 1999\",\"isPartOf\":{\"@id\":\"https:\/\/proyeccionesplasticas.com.co\/web\/#website\"},\"datePublished\":\"2023-01-17T18:14:38+00:00\",\"dateModified\":\"2025-06-24T15:41:46+00:00\",\"breadcrumb\":{\"@id\":\"https:\/\/proyeccionesplasticas.com.co\/web\/quienes-somos\/#breadcrumb\"},\"inLanguage\":\"es\",\"potentialAction\":[{\"@type\":\"ReadAction\",\"target\":[\"https:\/\/proyeccionesplasticas.com.co\/web\/quienes-somos\/\"]}]},{\"@type\":\"BreadcrumbList\",\"@id\":\"https:\/\/proyeccionesplasticas.com.co\/web\/quienes-somos\/#breadcrumb\",\"itemListElement\":[{\"@type\":\"ListItem\",\"position\":1,\"name\":\"Portada\",\"item\":\"https:\/\/proyeccionesplasticas.com.co\/web\/\"},{\"@type\":\"ListItem\",\"position\":2,\"name\":\"Quienes somos\"}]},{\"@type\":\"WebSite\",\"@id\":\"https:\/\/proyeccionesplasticas.com.co\/web\/#website\",\"url\":\"https:\/\/proyeccionesplasticas.com.co\/web\/\",\"name\":\"Proyecciones Pl&aacute;sticas S.A.S: Innovaci&oacute;n en Juguetes y Productos Educativos desde 1999\",\"description\":\"Descubre c\u00f3mo Proyecciones Pl\u00e1sticas S.A.S, con m\u00e1s de dos d\u00e9cadas de experiencia, se ha convertido en un l\u00edder en la fabricaci\u00f3n de juguetes educativos y productos para el hogar. Nuestra pasi\u00f3n por la calidad y la innovaci\u00f3n nos ha llevado a la cima del mercado. \u00danete a nosotros y experimenta la diversi\u00f3n y el aprendizaje a trav\u00e9s de nuestros productos de alta calidad para grandes y chicos en todo el mundo.\",\"potentialAction\":[{\"@type\":\"SearchAction\",\"target\":{\"@type\":\"EntryPoint\",\"urlTemplate\":\"https:\/\/proyeccionesplasticas.com.co\/web\/?s={search_term_string}\"},\"query-input\":\"required name=search_term_string\"}],\"inLanguage\":\"es\"}]}<\/script>\n<!-- \/ Yoast SEO plugin. -->","yoast_head_json":{"title":"Quienes somos - Proyecciones Pl&aacute;sticas S.A.S: Innovaci&oacute;n en Juguetes y Productos Educativos desde 1999","robots":{"index":"index","follow":"follow","max-snippet":"max-snippet:-1","max-image-preview":"max-image-preview:large","max-video-preview":"max-video-preview:-1"},"canonical":"https:\/\/proyeccionesplasticas.com.co\/web\/quienes-somos\/","og_locale":"es_ES","og_type":"article","og_title":"Quienes somos - Proyecciones Pl&aacute;sticas S.A.S: Innovaci&oacute;n en Juguetes y Productos Educativos desde 1999","og_description":"Historia Nuestra empresa fue fundada en la ciudad de Medell\u00edn, en el a\u00f1o 1999, dedicada inicialmente con el objetivo de brindar diversi\u00f3n a grandes y chicos mediante la fabricaci\u00f3n de juguetes. Ya en el a\u00f1o 2001 incursiona en la l\u00ednea educativa y did\u00e1ctica y posteriormente en la l\u00ednea hogar en el a\u00f1o 2002, igualmente incursiona [&hellip;]","og_url":"https:\/\/proyeccionesplasticas.com.co\/web\/quienes-somos\/","og_site_name":"Proyecciones Pl&aacute;sticas S.A.S: Innovaci&oacute;n en Juguetes y Productos Educativos desde 1999","article_modified_time":"2025-06-24T15:41:46+00:00","twitter_card":"summary_large_image","twitter_misc":{"Tiempo de lectura":"2 minutos"},"schema":{"@context":"https:\/\/schema.org","@graph":[{"@type":"WebPage","@id":"https:\/\/proyeccionesplasticas.com.co\/web\/quienes-somos\/","url":"https:\/\/proyeccionesplasticas.com.co\/web\/quienes-somos\/","name":"Quienes somos - Proyecciones Pl&aacute;sticas S.A.S: Innovaci&oacute;n en Juguetes y Productos Educativos desde 1999","isPartOf":{"@id":"https:\/\/proyeccionesplasticas.com.co\/web\/#website"},"datePublished":"2023-01-17T18:14:38+00:00","dateModified":"2025-06-24T15:41:46+00:00","breadcrumb":{"@id":"https:\/\/proyeccionesplasticas.com.co\/web\/quienes-somos\/#breadcrumb"},"inLanguage":"es","potentialAction":[{"@type":"ReadAction","target":["https:\/\/proyeccionesplasticas.com.co\/web\/quienes-somos\/"]}]},{"@type":"BreadcrumbList","@id":"https:\/\/proyeccionesplasticas.com.co\/web\/quienes-somos\/#breadcrumb","itemListElement":[{"@type":"ListItem","position":1,"name":"Portada","item":"https:\/\/proyeccionesplasticas.com.co\/web\/"},{"@type":"ListItem","position":2,"name":"Quienes somos"}]},{"@type":"WebSite","@id":"https:\/\/proyeccionesplasticas.com.co\/web\/#website","url":"https:\/\/proyeccionesplasticas.com.co\/web\/","name":"Proyecciones Pl&aacute;sticas S.A.S: Innovaci&oacute;n en Juguetes y Productos Educativos desde 1999","description":"Descubre c\u00f3mo Proyecciones Pl\u00e1sticas S.A.S, con m\u00e1s de dos d\u00e9cadas de experiencia, se ha convertido en un l\u00edder en la fabricaci\u00f3n de juguetes educativos y productos para el hogar. Nuestra pasi\u00f3n por la calidad y la innovaci\u00f3n nos ha llevado a la cima del mercado. \u00danete a nosotros y experimenta la diversi\u00f3n y el aprendizaje a trav\u00e9s de nuestros productos de alta calidad para grandes y chicos en todo el mundo.","potentialAction":[{"@type":"SearchAction","target":{"@type":"EntryPoint","urlTemplate":"https:\/\/proyeccionesplasticas.com.co\/web\/?s={search_term_string}"},"query-input":"required name=search_term_string"}],"inLanguage":"es"}]}},"_links":{"self":[{"href":"https:\/\/proyeccionesplasticas.com.co\/web\/wp-json\/wp\/v2\/pages\/95","targetHints":{"allow":["GET"]}}],"collection":[{"href":"https:\/\/proyeccionesplasticas.com.co\/web\/wp-json\/wp\/v2\/pages"}],"about":[{"href":"https:\/\/proyeccionesplasticas.com.co\/web\/wp-json\/wp\/v2\/types\/page"}],"author":[{"embeddable":true,"href":"https:\/\/proyeccionesplasticas.com.co\/web\/wp-json\/wp\/v2\/users\/1"}],"replies":[{"embeddable":true,"href":"https:\/\/proyeccionesplasticas.com.co\/web\/wp-json\/wp\/v2\/comments?post=95"}],"version-history":[{"count":14,"href":"https:\/\/proyeccionesplasticas.com.co\/web\/wp-json\/wp\/v2\/pages\/95\/revisions"}],"predecessor-version":[{"id":1638,"href":"https:\/\/proyeccionesplasticas.com.co\/web\/wp-json\/wp\/v2\/pages\/95\/revisions\/1638"}],"wp:attachment":[{"href":"https:\/\/proyeccionesplasticas.com.co\/web\/wp-json\/wp\/v2\/media?parent=95"}],"curies":[{"name":"wp","href":"https:\/\/api.w.org\/{rel}","templated":true}]}}