{"id":788,"date":"2023-09-11T01:02:11","date_gmt":"2023-09-11T01:02:11","guid":{"rendered":"https:\/\/proyeccionesplasticas.com.co\/web\/producto\/tarro-milusos-small-x-3-estampado\/"},"modified":"2023-09-11T01:02:26","modified_gmt":"2023-09-11T01:02:26","slug":"tarro-milusos-small-x-3-estampado","status":"publish","type":"product","link":"https:\/\/proyeccionesplasticas.com.co\/web\/producto\/tarro-milusos-small-x-3-estampado\/","title":{"rendered":"TARRO MILUSOS SMALL X 3 ESTAMPADO"},"content":{"rendered":"<p>28 UNDS<br \/>\n1500cc: Di\u00e1metro 18 cms x Alto 9 cms 2500cc : Di\u00e1metro 20.2 cms x Alto 10.5 cms 3500 cc: Di\u00e1metro 23.4 cms x Alto 11.5 cms<br \/>\ncolor de tapa:amarillo pastel,morado pastel,naranjado pastel,verde,azul,naranjado,rojo,negro<\/p>\n","protected":false},"excerpt":{"rendered":"<p>28 UNDS 1500cc: Di\u00e1metro 18 cms x Alto 9 cms 2500cc : Di\u00e1metro 20.2 cms x Alto 10.5 cms 3500 cc: Di\u00e1metro 23.4 cms x Alto 11.5 cms color de tapa:amarillo pastel,morado pastel,naranjado pastel,verde,azul,naranjado,rojo,negro<\/p>\n","protected":false},"featured_media":789,"comment_status":"closed","ping_status":"open","template":"","meta":[],"product_cat":[22],"product_tag":[],"class_list":["post-788","product","type-product","status-publish","has-post-thumbnail","hentry","product_cat-hogar"],"yoast_head":"<!-- This site is optimized with the Yoast SEO plugin v21.5 - https:\/\/yoast.com\/wordpress\/plugins\/seo\/ -->\n<title>TARRO MILUSOS SMALL X 3 ESTAMPADO - Proyecciones Pl&aacute;sticas S.A.S: Innovaci&oacute;n en Juguetes y Productos Educativos desde 1999<\/title>\n<meta name=\"robots\" content=\"index, follow, max-snippet:-1, max-image-preview:large, max-video-preview:-1\" \/>\n<link rel=\"canonical\" href=\"https:\/\/proyeccionesplasticas.com.co\/web\/producto\/tarro-milusos-small-x-3-estampado\/\" \/>\n<meta property=\"og:locale\" content=\"es_ES\" \/>\n<meta property=\"og:type\" content=\"article\" \/>\n<meta property=\"og:title\" content=\"TARRO MILUSOS SMALL X 3 ESTAMPADO - Proyecciones Pl&aacute;sticas S.A.S: Innovaci&oacute;n en Juguetes y Productos Educativos desde 1999\" \/>\n<meta property=\"og:description\" content=\"28 UNDS 1500cc: Di\u00e1metro 18 cms x Alto 9 cms 2500cc : Di\u00e1metro 20.2 cms x Alto 10.5 cms 3500 cc: Di\u00e1metro 23.4 cms x Alto 11.5 cms color de tapa:amarillo pastel,morado pastel,naranjado pastel,verde,azul,naranjado,rojo,negro\" \/>\n<meta property=\"og:url\" content=\"https:\/\/proyeccionesplasticas.com.co\/web\/producto\/tarro-milusos-small-x-3-estampado\/\" \/>\n<meta property=\"og:site_name\" content=\"Proyecciones Pl&aacute;sticas S.A.S: Innovaci&oacute;n en Juguetes y Productos Educativos desde 1999\" \/>\n<meta property=\"article:modified_time\" content=\"2023-09-11T01:02:26+00:00\" \/>\n<meta property=\"og:image\" content=\"https:\/\/proyeccionesplasticas.com.co\/web\/wp-content\/uploads\/2023\/09\/tarros-milusos-small-estampados-x-3.jpg\" \/>\n\t<meta property=\"og:image:width\" content=\"750\" \/>\n\t<meta property=\"og:image:height\" content=\"750\" \/>\n\t<meta property=\"og:image:type\" content=\"image\/jpeg\" \/>\n<meta name=\"twitter:card\" content=\"summary_large_image\" \/>\n<script type=\"application\/ld+json\" class=\"yoast-schema-graph\">{\"@context\":\"https:\/\/schema.org\",\"@graph\":[{\"@type\":\"WebPage\",\"@id\":\"https:\/\/proyeccionesplasticas.com.co\/web\/producto\/tarro-milusos-small-x-3-estampado\/\",\"url\":\"https:\/\/proyeccionesplasticas.com.co\/web\/producto\/tarro-milusos-small-x-3-estampado\/\",\"name\":\"TARRO MILUSOS SMALL X 3 ESTAMPADO - Proyecciones Pl&aacute;sticas S.A.S: Innovaci&oacute;n en Juguetes y Productos Educativos desde 1999\",\"isPartOf\":{\"@id\":\"https:\/\/proyeccionesplasticas.com.co\/web\/#website\"},\"datePublished\":\"2023-09-11T01:02:11+00:00\",\"dateModified\":\"2023-09-11T01:02:26+00:00\",\"breadcrumb\":{\"@id\":\"https:\/\/proyeccionesplasticas.com.co\/web\/producto\/tarro-milusos-small-x-3-estampado\/#breadcrumb\"},\"inLanguage\":\"es\",\"potentialAction\":[{\"@type\":\"ReadAction\",\"target\":[\"https:\/\/proyeccionesplasticas.com.co\/web\/producto\/tarro-milusos-small-x-3-estampado\/\"]}]},{\"@type\":\"BreadcrumbList\",\"@id\":\"https:\/\/proyeccionesplasticas.com.co\/web\/producto\/tarro-milusos-small-x-3-estampado\/#breadcrumb\",\"itemListElement\":[{\"@type\":\"ListItem\",\"position\":1,\"name\":\"Portada\",\"item\":\"https:\/\/proyeccionesplasticas.com.co\/web\/\"},{\"@type\":\"ListItem\",\"position\":2,\"name\":\"TARRO MILUSOS SMALL X 3 ESTAMPADO\"}]},{\"@type\":\"WebSite\",\"@id\":\"https:\/\/proyeccionesplasticas.com.co\/web\/#website\",\"url\":\"https:\/\/proyeccionesplasticas.com.co\/web\/\",\"name\":\"Proyecciones Pl&aacute;sticas S.A.S: Innovaci&oacute;n en Juguetes y Productos Educativos desde 1999\",\"description\":\"Descubre c\u00f3mo Proyecciones Pl\u00e1sticas S.A.S, con m\u00e1s de dos d\u00e9cadas de experiencia, se ha convertido en un l\u00edder en la fabricaci\u00f3n de juguetes educativos y productos para el hogar. Nuestra pasi\u00f3n por la calidad y la innovaci\u00f3n nos ha llevado a la cima del mercado. \u00danete a nosotros y experimenta la diversi\u00f3n y el aprendizaje a trav\u00e9s de nuestros productos de alta calidad para grandes y chicos en todo el mundo.\",\"potentialAction\":[{\"@type\":\"SearchAction\",\"target\":{\"@type\":\"EntryPoint\",\"urlTemplate\":\"https:\/\/proyeccionesplasticas.com.co\/web\/?s={search_term_string}\"},\"query-input\":\"required name=search_term_string\"}],\"inLanguage\":\"es\"}]}<\/script>\n<!-- \/ Yoast SEO plugin. -->","yoast_head_json":{"title":"TARRO MILUSOS SMALL X 3 ESTAMPADO - Proyecciones Pl&aacute;sticas S.A.S: Innovaci&oacute;n en Juguetes y Productos Educativos desde 1999","robots":{"index":"index","follow":"follow","max-snippet":"max-snippet:-1","max-image-preview":"max-image-preview:large","max-video-preview":"max-video-preview:-1"},"canonical":"https:\/\/proyeccionesplasticas.com.co\/web\/producto\/tarro-milusos-small-x-3-estampado\/","og_locale":"es_ES","og_type":"article","og_title":"TARRO MILUSOS SMALL X 3 ESTAMPADO - Proyecciones Pl&aacute;sticas S.A.S: Innovaci&oacute;n en Juguetes y Productos Educativos desde 1999","og_description":"28 UNDS 1500cc: Di\u00e1metro 18 cms x Alto 9 cms 2500cc : Di\u00e1metro 20.2 cms x Alto 10.5 cms 3500 cc: Di\u00e1metro 23.4 cms x Alto 11.5 cms color de tapa:amarillo pastel,morado pastel,naranjado pastel,verde,azul,naranjado,rojo,negro","og_url":"https:\/\/proyeccionesplasticas.com.co\/web\/producto\/tarro-milusos-small-x-3-estampado\/","og_site_name":"Proyecciones Pl&aacute;sticas S.A.S: Innovaci&oacute;n en Juguetes y Productos Educativos desde 1999","article_modified_time":"2023-09-11T01:02:26+00:00","og_image":[{"width":750,"height":750,"url":"https:\/\/proyeccionesplasticas.com.co\/web\/wp-content\/uploads\/2023\/09\/tarros-milusos-small-estampados-x-3.jpg","type":"image\/jpeg"}],"twitter_card":"summary_large_image","schema":{"@context":"https:\/\/schema.org","@graph":[{"@type":"WebPage","@id":"https:\/\/proyeccionesplasticas.com.co\/web\/producto\/tarro-milusos-small-x-3-estampado\/","url":"https:\/\/proyeccionesplasticas.com.co\/web\/producto\/tarro-milusos-small-x-3-estampado\/","name":"TARRO MILUSOS SMALL X 3 ESTAMPADO - Proyecciones Pl&aacute;sticas S.A.S: Innovaci&oacute;n en Juguetes y Productos Educativos desde 1999","isPartOf":{"@id":"https:\/\/proyeccionesplasticas.com.co\/web\/#website"},"datePublished":"2023-09-11T01:02:11+00:00","dateModified":"2023-09-11T01:02:26+00:00","breadcrumb":{"@id":"https:\/\/proyeccionesplasticas.com.co\/web\/producto\/tarro-milusos-small-x-3-estampado\/#breadcrumb"},"inLanguage":"es","potentialAction":[{"@type":"ReadAction","target":["https:\/\/proyeccionesplasticas.com.co\/web\/producto\/tarro-milusos-small-x-3-estampado\/"]}]},{"@type":"BreadcrumbList","@id":"https:\/\/proyeccionesplasticas.com.co\/web\/producto\/tarro-milusos-small-x-3-estampado\/#breadcrumb","itemListElement":[{"@type":"ListItem","position":1,"name":"Portada","item":"https:\/\/proyeccionesplasticas.com.co\/web\/"},{"@type":"ListItem","position":2,"name":"TARRO MILUSOS SMALL X 3 ESTAMPADO"}]},{"@type":"WebSite","@id":"https:\/\/proyeccionesplasticas.com.co\/web\/#website","url":"https:\/\/proyeccionesplasticas.com.co\/web\/","name":"Proyecciones Pl&aacute;sticas S.A.S: Innovaci&oacute;n en Juguetes y Productos Educativos desde 1999","description":"Descubre c\u00f3mo Proyecciones Pl\u00e1sticas S.A.S, con m\u00e1s de dos d\u00e9cadas de experiencia, se ha convertido en un l\u00edder en la fabricaci\u00f3n de juguetes educativos y productos para el hogar. Nuestra pasi\u00f3n por la calidad y la innovaci\u00f3n nos ha llevado a la cima del mercado. \u00danete a nosotros y experimenta la diversi\u00f3n y el aprendizaje a trav\u00e9s de nuestros productos de alta calidad para grandes y chicos en todo el mundo.","potentialAction":[{"@type":"SearchAction","target":{"@type":"EntryPoint","urlTemplate":"https:\/\/proyeccionesplasticas.com.co\/web\/?s={search_term_string}"},"query-input":"required name=search_term_string"}],"inLanguage":"es"}]}},"_links":{"self":[{"href":"https:\/\/proyeccionesplasticas.com.co\/web\/wp-json\/wp\/v2\/product\/788","targetHints":{"allow":["GET"]}}],"collection":[{"href":"https:\/\/proyeccionesplasticas.com.co\/web\/wp-json\/wp\/v2\/product"}],"about":[{"href":"https:\/\/proyeccionesplasticas.com.co\/web\/wp-json\/wp\/v2\/types\/product"}],"replies":[{"embeddable":true,"href":"https:\/\/proyeccionesplasticas.com.co\/web\/wp-json\/wp\/v2\/comments?post=788"}],"wp:featuredmedia":[{"embeddable":true,"href":"https:\/\/proyeccionesplasticas.com.co\/web\/wp-json\/wp\/v2\/media\/789"}],"wp:attachment":[{"href":"https:\/\/proyeccionesplasticas.com.co\/web\/wp-json\/wp\/v2\/media?parent=788"}],"wp:term":[{"taxonomy":"product_cat","embeddable":true,"href":"https:\/\/proyeccionesplasticas.com.co\/web\/wp-json\/wp\/v2\/product_cat?post=788"},{"taxonomy":"product_tag","embeddable":true,"href":"https:\/\/proyeccionesplasticas.com.co\/web\/wp-json\/wp\/v2\/product_tag?post=788"}],"curies":[{"name":"wp","href":"https:\/\/api.w.org\/{rel}","templated":true}]}}